{"id":23,"date":"2025-05-15T09:52:16","date_gmt":"2025-05-15T09:52:16","guid":{"rendered":"https:\/\/minnaro.vamtam.com\/?page_id=23"},"modified":"2025-11-19T13:27:45","modified_gmt":"2025-11-19T13:27:45","slug":"ueber-uns","status":"publish","type":"page","link":"https:\/\/livstad.de\/?page_id=23","title":{"rendered":"\u00dcber uns"},"content":{"rendered":"\t\t<div data-elementor-type=\"wp-page\" data-elementor-id=\"23\" class=\"elementor elementor-23\" data-elementor-post-type=\"page\">\n\t\t\t\t<div class=\"elementor-element elementor-element-a4357e6 e-con-full e-flex e-con e-parent\" data-id=\"a4357e6\" data-element_type=\"container\" data-settings=\"{&quot;background_background&quot;:&quot;classic&quot;}\">\n\t\t\t\t<div class=\"vamtam-has-theme-widget-styles elementor-element elementor-element-d49f156 elementor-widget elementor-widget-image\" data-id=\"d49f156\" data-element_type=\"widget\" data-widget_type=\"image.default\">\n\t\t\t\t<div class=\"elementor-widget-container\">\n\t\t\t\t\t\t\t\t\t<div class=\"elementor-image\">\n\t\t\t\t\t\t\t\t\t\t\t\t\t\t\t\t\t\t\t\t\t<img fetchpriority=\"high\" decoding=\"async\" width=\"2560\" height=\"1707\" src=\"https:\/\/livstad.de\/wp-content\/uploads\/2025\/10\/MG_5553-scaled.jpg\" class=\"attachment-full size-full wp-image-987908\" alt=\"\" srcset=\"https:\/\/livstad.de\/wp-content\/uploads\/2025\/10\/MG_5553-scaled.jpg 2560w, https:\/\/livstad.de\/wp-content\/uploads\/2025\/10\/MG_5553-300x200.jpg 300w, https:\/\/livstad.de\/wp-content\/uploads\/2025\/10\/MG_5553-1024x683.jpg 1024w, https:\/\/livstad.de\/wp-content\/uploads\/2025\/10\/MG_5553-768x512.jpg 768w, https:\/\/livstad.de\/wp-content\/uploads\/2025\/10\/MG_5553-1536x1024.jpg 1536w, https:\/\/livstad.de\/wp-content\/uploads\/2025\/10\/MG_5553-2048x1365.jpg 2048w\" sizes=\"(max-width: 2560px) 100vw, 2560px\" \/>\t\t\t\t\t\t\t\t\t\t\t\t\t\t\t\t\t\t\t\t\t\t\t\t<\/div>\n\t\t\t\t\t\t\t\t<\/div>\n\t\t\t\t<\/div>\n\t\t\t\t<\/div>\n\t\t<div class=\"elementor-element elementor-element-9037428 e-flex e-con-boxed e-con e-parent\" data-id=\"9037428\" data-element_type=\"container\" data-settings=\"{&quot;background_background&quot;:&quot;classic&quot;}\">\n\t\t\t\t\t<div class=\"e-con-inner\">\n\t\t<div class=\"elementor-element elementor-element-be3d015 e-con-full e-flex e-con e-child\" data-id=\"be3d015\" data-element_type=\"container\" data-settings=\"{&quot;sticky&quot;:&quot;top&quot;,&quot;sticky_offset&quot;:30,&quot;sticky_effects_offset&quot;:30,&quot;sticky_parent&quot;:&quot;yes&quot;,&quot;sticky_on&quot;:[&quot;desktop&quot;,&quot;tablet&quot;],&quot;sticky_offset_tablet&quot;:70,&quot;sticky_effects_offset_tablet&quot;:70,&quot;sticky_anchor_link_offset&quot;:0}\">\n\t\t\t\t<div class=\"vamtam-has-theme-widget-styles elementor-element elementor-element-4917f19 elementor-widget elementor-widget-image\" data-id=\"4917f19\" data-element_type=\"widget\" data-widget_type=\"image.default\">\n\t\t\t\t<div class=\"elementor-widget-container\">\n\t\t\t\t\t\t\t\t\t<div class=\"elementor-image\">\n\t\t\t\t\t\t\t\t\t\t\t\t\t\t\t\t\t\t\t\t\t<img decoding=\"async\" width=\"1304\" height=\"1365\" src=\"https:\/\/livstad.de\/wp-content\/uploads\/2025\/11\/Schanze-07-e1763558289309.jpg\" class=\"attachment-full size-full wp-image-988008\" alt=\"\" srcset=\"https:\/\/livstad.de\/wp-content\/uploads\/2025\/11\/Schanze-07-e1763558289309.jpg 1304w, https:\/\/livstad.de\/wp-content\/uploads\/2025\/11\/Schanze-07-e1763558289309-287x300.jpg 287w, https:\/\/livstad.de\/wp-content\/uploads\/2025\/11\/Schanze-07-e1763558289309-978x1024.jpg 978w, https:\/\/livstad.de\/wp-content\/uploads\/2025\/11\/Schanze-07-e1763558289309-768x804.jpg 768w\" sizes=\"(max-width: 1304px) 100vw, 1304px\" \/>\t\t\t\t\t\t\t\t\t\t\t\t\t\t\t\t\t\t\t\t\t\t\t\t<\/div>\n\t\t\t\t\t\t\t\t<\/div>\n\t\t\t\t<\/div>\n\t\t\t\t<\/div>\n\t\t<div class=\"elementor-element elementor-element-3b3c77f e-con-full e-flex e-con e-child\" data-id=\"3b3c77f\" data-element_type=\"container\">\n\t\t\t\t<div class=\"elementor-element elementor-element-06dc4ce elementor-widget__width-initial elementor-widget-mobile__width-inherit elementor-widget elementor-widget-heading\" data-id=\"06dc4ce\" data-element_type=\"widget\" data-widget_type=\"heading.default\">\n\t\t\t\t<div class=\"elementor-widget-container\">\n\t\t\t\t\t<h2 class=\"elementor-heading-title elementor-size-default\">\u00fcber uns.<\/h2>\t\t\t\t<\/div>\n\t\t\t\t<\/div>\n\t\t<div class=\"elementor-element elementor-element-3ab5f4b elementor-invisible e-con-full animated-fast e-flex e-con e-child\" data-id=\"3ab5f4b\" data-element_type=\"container\" data-settings=\"{&quot;animation&quot;:&quot;slideInUp&quot;}\">\n\t\t\t\t<div class=\"elementor-element elementor-element-4e36e56 elementor-widget-mobile__width-inherit elementor-widget elementor-widget-text-editor\" data-id=\"4e36e56\" data-element_type=\"widget\" data-widget_type=\"text-editor.default\">\n\t\t\t\t<div class=\"elementor-widget-container\">\n\t\t\t\t\t\t\t\t\t<p>Wir von Livstad sind ein Immobilienunternehmen mit einer nachhaltigen Perspektive und der Mission H\u00e4user in spannenden urbanen Lagen zu erwerben, behutsam zu entwickeln, energetisch zu ert\u00fcchtigen und langfristig im Bestand zu halten. F\u00fcr diese und nachfolgende Generationen.<\/p><p>Wir widmen uns allen Bereichen unserer H\u00e4user mit derselben Leidenschaft. Unsere Geb\u00e4ude denken und realisieren wir vom ganz gro\u00dfen Quartiersgedanken bis hin zum kleinsten Abstellkammer.<\/p><p>Gemeinsam mit unseren Partnern setzen wir dabei auf finanzielle Unabh\u00e4ngigkeit, die uns erlaubt rasch und flexibel zu handeln.<\/p><p>Partnerschaftlichkeit, Wertsch\u00e4tzung, Menschlichkeit, Verl\u00e4sslichkeit und Leidenschaft sind Werte die uns in der t\u00e4glichen Arbeit mit unseren Mietern, unseren Mitarbeitern und unseren Partnern leiten.<\/p>\t\t\t\t\t\t\t\t<\/div>\n\t\t\t\t<\/div>\n\t\t\t\t<\/div>\n\t\t\t\t<\/div>\n\t\t\t\t\t<\/div>\n\t\t\t\t<\/div>\n\t\t<div class=\"elementor-element elementor-element-e9db474 e-flex e-con-boxed e-con e-parent\" data-id=\"e9db474\" data-element_type=\"container\">\n\t\t\t\t\t<div class=\"e-con-inner\">\n\t\t<div class=\"elementor-element elementor-element-7bffbd7 e-con-full e-flex e-con e-child\" data-id=\"7bffbd7\" data-element_type=\"container\">\n\t\t\t\t<div class=\"elementor-element elementor-element-8a0839f elementor-widget__width-initial elementor-widget-mobile__width-inherit elementor-widget elementor-widget-heading\" data-id=\"8a0839f\" data-element_type=\"widget\" data-widget_type=\"heading.default\">\n\t\t\t\t<div class=\"elementor-widget-container\">\n\t\t\t\t\t<h2 class=\"elementor-heading-title elementor-size-default\">stets neugierig und  kooperativ.<\/h2>\t\t\t\t<\/div>\n\t\t\t\t<\/div>\n\t\t\t\t<\/div>\n\t\t<div class=\"elementor-element elementor-element-f975cc2 e-con-full e-flex e-con e-child\" data-id=\"f975cc2\" data-element_type=\"container\">\n\t\t\t\t<div class=\"elementor-element elementor-element-e1b426c elementor-widget elementor-widget-text-editor\" data-id=\"e1b426c\" data-element_type=\"widget\" data-widget_type=\"text-editor.default\">\n\t\t\t\t<div class=\"elementor-widget-container\">\n\t\t\t\t\t\t\t\t\t<p>Geleitet von skandinavischen Unternehmerwerten und einer starken Unternehmensf\u00fchrung verfolgen wir eine klare Strategie, um unsere Mission zu erf\u00fcllen.<\/p><p>Wir begeistern uns f\u00fcr Orte und ihre Bewohner, f\u00fcr Potenziale, Ideen und Visionen. Mit Respekt vor Traditionen und einem ausgepr\u00e4gten Gesp\u00fcr f\u00fcr das Zuk\u00fcnftige entwickeln wir urbane Wohn-, Arbeits- und Stadtr\u00e4ume. Orte, die gut sind und gut tun.<\/p>\t\t\t\t\t\t\t\t<\/div>\n\t\t\t\t<\/div>\n\t\t\t\t<div class=\"vamtam-has-theme-widget-styles elementor-element elementor-element-deacf48 elementor-hidden-mobile elementor-widget elementor-widget-button\" data-id=\"deacf48\" data-element_type=\"widget\" data-widget_type=\"button.default\">\n\t\t\t\t<div class=\"elementor-widget-container\">\n\t\t\t\t\t\t\t\t\t<div class=\"elementor-button-wrapper\">\n\t\t\t\t\t<a class=\"elementor-button elementor-button-link elementor-size-sm\" href=\"https:\/\/livstad.de\/?page_id=33\">\n\t\t\t\t\t\t<span class=\"elementor-button-content-wrapper\">\n\t\t\t\t\t\t\t\t\t<span class=\"elementor-button-text\">kontakt.<\/span>\n\t\t\t\t\t<\/span>\n\t\t\t\t\t<\/a>\n\t\t\t\t<\/div>\n\t\t\t\t\t\t\t\t<\/div>\n\t\t\t\t<\/div>\n\t\t\t\t<\/div>\n\t\t\t\t\t<\/div>\n\t\t\t\t<\/div>\n\t\t<div class=\"elementor-element elementor-element-2ecbab4 e-flex e-con-boxed e-con e-parent\" data-id=\"2ecbab4\" data-element_type=\"container\">\n\t\t\t\t\t<div class=\"e-con-inner\">\n\t\t\t\t\t<\/div>\n\t\t\t\t<\/div>\n\t\t\t\t<\/div>\n\t\t","protected":false},"excerpt":{"rendered":"<p>Erfahren Sie mehr \u00fcber Livstad &#8211; \u00fcber uns, ein Immobilienunternehmen mit nachhaltiger Perspektive und urbanen Projekten.<\/p>\n","protected":false},"author":1,"featured_media":987905,"parent":0,"menu_order":0,"comment_status":"closed","ping_status":"closed","template":"elementor_header_footer","meta":{"footnotes":""},"class_list":["post-23","page","type-page","status-publish","has-post-thumbnail","hentry"],"yoast_head":"<!-- This site is optimized with the Yoast SEO plugin v26.4 - https:\/\/yoast.com\/wordpress\/plugins\/seo\/ -->\n<title>\u00dcber uns - livstad<\/title>\n<meta name=\"description\" content=\"Erfahren Sie mehr \u00fcber Livstad - \u00fcber uns, ein Immobilienunternehmen mit nachhaltiger Perspektive und urbanen Projekten.\" \/>\n<meta name=\"robots\" content=\"index, follow, max-snippet:-1, max-image-preview:large, max-video-preview:-1\" \/>\n<link rel=\"canonical\" href=\"https:\/\/livstad.de\/?page_id=23\" \/>\n<meta property=\"og:locale\" content=\"de_DE\" \/>\n<meta property=\"og:type\" content=\"article\" \/>\n<meta property=\"og:title\" content=\"\u00dcber uns - livstad\" \/>\n<meta property=\"og:description\" content=\"Erfahren Sie mehr \u00fcber Livstad - \u00fcber uns, ein Immobilienunternehmen mit nachhaltiger Perspektive und urbanen Projekten.\" \/>\n<meta property=\"og:url\" content=\"https:\/\/livstad.de\/?page_id=23\" \/>\n<meta property=\"og:site_name\" content=\"livstad\" \/>\n<meta property=\"article:modified_time\" content=\"2025-11-19T13:27:45+00:00\" \/>\n<meta property=\"og:image\" content=\"https:\/\/livstad.de\/wp-content\/uploads\/2025\/10\/MG_5323-scaled.jpg\" \/>\n\t<meta property=\"og:image:width\" content=\"2560\" \/>\n\t<meta property=\"og:image:height\" content=\"1707\" \/>\n\t<meta property=\"og:image:type\" content=\"image\/jpeg\" \/>\n<meta name=\"twitter:card\" content=\"summary_large_image\" \/>\n<meta name=\"twitter:label1\" content=\"Gesch\u00e4tzte Lesezeit\" \/>\n\t<meta name=\"twitter:data1\" content=\"2\u00a0Minuten\" \/>\n<script type=\"application\/ld+json\" class=\"yoast-schema-graph\">{\"@context\":\"https:\/\/schema.org\",\"@graph\":[{\"@type\":\"WebPage\",\"@id\":\"https:\/\/livstad.de\/?page_id=23\",\"url\":\"https:\/\/livstad.de\/?page_id=23\",\"name\":\"\u00dcber uns - livstad\",\"isPartOf\":{\"@id\":\"https:\/\/livstad.de\/#website\"},\"primaryImageOfPage\":{\"@id\":\"https:\/\/livstad.de\/?page_id=23#primaryimage\"},\"image\":{\"@id\":\"https:\/\/livstad.de\/?page_id=23#primaryimage\"},\"thumbnailUrl\":\"https:\/\/livstad.de\/wp-content\/uploads\/2025\/10\/MG_5323-scaled.jpg\",\"datePublished\":\"2025-05-15T09:52:16+00:00\",\"dateModified\":\"2025-11-19T13:27:45+00:00\",\"description\":\"Erfahren Sie mehr \u00fcber Livstad - \u00fcber uns, ein Immobilienunternehmen mit nachhaltiger Perspektive und urbanen Projekten.\",\"breadcrumb\":{\"@id\":\"https:\/\/livstad.de\/?page_id=23#breadcrumb\"},\"inLanguage\":\"de\",\"potentialAction\":[{\"@type\":\"ReadAction\",\"target\":[\"https:\/\/livstad.de\/?page_id=23\"]}]},{\"@type\":\"ImageObject\",\"inLanguage\":\"de\",\"@id\":\"https:\/\/livstad.de\/?page_id=23#primaryimage\",\"url\":\"https:\/\/livstad.de\/wp-content\/uploads\/2025\/10\/MG_5323-scaled.jpg\",\"contentUrl\":\"https:\/\/livstad.de\/wp-content\/uploads\/2025\/10\/MG_5323-scaled.jpg\",\"width\":2560,\"height\":1707},{\"@type\":\"BreadcrumbList\",\"@id\":\"https:\/\/livstad.de\/?page_id=23#breadcrumb\",\"itemListElement\":[{\"@type\":\"ListItem\",\"position\":1,\"name\":\"Home\",\"item\":\"https:\/\/livstad.de\/\"},{\"@type\":\"ListItem\",\"position\":2,\"name\":\"\u00dcber uns\"}]},{\"@type\":\"WebSite\",\"@id\":\"https:\/\/livstad.de\/#website\",\"url\":\"https:\/\/livstad.de\/\",\"name\":\"livstad\",\"description\":\"by antaris\",\"publisher\":{\"@id\":\"https:\/\/livstad.de\/#organization\"},\"potentialAction\":[{\"@type\":\"SearchAction\",\"target\":{\"@type\":\"EntryPoint\",\"urlTemplate\":\"https:\/\/livstad.de\/?s={search_term_string}\"},\"query-input\":{\"@type\":\"PropertyValueSpecification\",\"valueRequired\":true,\"valueName\":\"search_term_string\"}}],\"inLanguage\":\"de\"},{\"@type\":\"Organization\",\"@id\":\"https:\/\/livstad.de\/#organization\",\"name\":\"livstad\",\"url\":\"https:\/\/livstad.de\/\",\"logo\":{\"@type\":\"ImageObject\",\"inLanguage\":\"de\",\"@id\":\"https:\/\/livstad.de\/#\/schema\/logo\/image\/\",\"url\":\"https:\/\/livstad.de\/wp-content\/uploads\/2025\/04\/livstad-Freisteller_blau-e1762517478362.png\",\"contentUrl\":\"https:\/\/livstad.de\/wp-content\/uploads\/2025\/04\/livstad-Freisteller_blau-e1762517478362.png\",\"width\":300,\"height\":78,\"caption\":\"livstad\"},\"image\":{\"@id\":\"https:\/\/livstad.de\/#\/schema\/logo\/image\/\"}}]}<\/script>\n<!-- \/ Yoast SEO plugin. -->","yoast_head_json":{"title":"\u00dcber uns - livstad","description":"Erfahren Sie mehr \u00fcber Livstad - \u00fcber uns, ein Immobilienunternehmen mit nachhaltiger Perspektive und urbanen Projekten.","robots":{"index":"index","follow":"follow","max-snippet":"max-snippet:-1","max-image-preview":"max-image-preview:large","max-video-preview":"max-video-preview:-1"},"canonical":"https:\/\/livstad.de\/?page_id=23","og_locale":"de_DE","og_type":"article","og_title":"\u00dcber uns - livstad","og_description":"Erfahren Sie mehr \u00fcber Livstad - \u00fcber uns, ein Immobilienunternehmen mit nachhaltiger Perspektive und urbanen Projekten.","og_url":"https:\/\/livstad.de\/?page_id=23","og_site_name":"livstad","article_modified_time":"2025-11-19T13:27:45+00:00","og_image":[{"width":2560,"height":1707,"url":"https:\/\/livstad.de\/wp-content\/uploads\/2025\/10\/MG_5323-scaled.jpg","type":"image\/jpeg"}],"twitter_card":"summary_large_image","twitter_misc":{"Gesch\u00e4tzte Lesezeit":"2\u00a0Minuten"},"schema":{"@context":"https:\/\/schema.org","@graph":[{"@type":"WebPage","@id":"https:\/\/livstad.de\/?page_id=23","url":"https:\/\/livstad.de\/?page_id=23","name":"\u00dcber uns - livstad","isPartOf":{"@id":"https:\/\/livstad.de\/#website"},"primaryImageOfPage":{"@id":"https:\/\/livstad.de\/?page_id=23#primaryimage"},"image":{"@id":"https:\/\/livstad.de\/?page_id=23#primaryimage"},"thumbnailUrl":"https:\/\/livstad.de\/wp-content\/uploads\/2025\/10\/MG_5323-scaled.jpg","datePublished":"2025-05-15T09:52:16+00:00","dateModified":"2025-11-19T13:27:45+00:00","description":"Erfahren Sie mehr \u00fcber Livstad - \u00fcber uns, ein Immobilienunternehmen mit nachhaltiger Perspektive und urbanen Projekten.","breadcrumb":{"@id":"https:\/\/livstad.de\/?page_id=23#breadcrumb"},"inLanguage":"de","potentialAction":[{"@type":"ReadAction","target":["https:\/\/livstad.de\/?page_id=23"]}]},{"@type":"ImageObject","inLanguage":"de","@id":"https:\/\/livstad.de\/?page_id=23#primaryimage","url":"https:\/\/livstad.de\/wp-content\/uploads\/2025\/10\/MG_5323-scaled.jpg","contentUrl":"https:\/\/livstad.de\/wp-content\/uploads\/2025\/10\/MG_5323-scaled.jpg","width":2560,"height":1707},{"@type":"BreadcrumbList","@id":"https:\/\/livstad.de\/?page_id=23#breadcrumb","itemListElement":[{"@type":"ListItem","position":1,"name":"Home","item":"https:\/\/livstad.de\/"},{"@type":"ListItem","position":2,"name":"\u00dcber uns"}]},{"@type":"WebSite","@id":"https:\/\/livstad.de\/#website","url":"https:\/\/livstad.de\/","name":"livstad","description":"by antaris","publisher":{"@id":"https:\/\/livstad.de\/#organization"},"potentialAction":[{"@type":"SearchAction","target":{"@type":"EntryPoint","urlTemplate":"https:\/\/livstad.de\/?s={search_term_string}"},"query-input":{"@type":"PropertyValueSpecification","valueRequired":true,"valueName":"search_term_string"}}],"inLanguage":"de"},{"@type":"Organization","@id":"https:\/\/livstad.de\/#organization","name":"livstad","url":"https:\/\/livstad.de\/","logo":{"@type":"ImageObject","inLanguage":"de","@id":"https:\/\/livstad.de\/#\/schema\/logo\/image\/","url":"https:\/\/livstad.de\/wp-content\/uploads\/2025\/04\/livstad-Freisteller_blau-e1762517478362.png","contentUrl":"https:\/\/livstad.de\/wp-content\/uploads\/2025\/04\/livstad-Freisteller_blau-e1762517478362.png","width":300,"height":78,"caption":"livstad"},"image":{"@id":"https:\/\/livstad.de\/#\/schema\/logo\/image\/"}}]}},"_links":{"self":[{"href":"https:\/\/livstad.de\/index.php?rest_route=\/wp\/v2\/pages\/23","targetHints":{"allow":["GET"]}}],"collection":[{"href":"https:\/\/livstad.de\/index.php?rest_route=\/wp\/v2\/pages"}],"about":[{"href":"https:\/\/livstad.de\/index.php?rest_route=\/wp\/v2\/types\/page"}],"author":[{"embeddable":true,"href":"https:\/\/livstad.de\/index.php?rest_route=\/wp\/v2\/users\/1"}],"replies":[{"embeddable":true,"href":"https:\/\/livstad.de\/index.php?rest_route=%2Fwp%2Fv2%2Fcomments&post=23"}],"version-history":[{"count":35,"href":"https:\/\/livstad.de\/index.php?rest_route=\/wp\/v2\/pages\/23\/revisions"}],"predecessor-version":[{"id":988189,"href":"https:\/\/livstad.de\/index.php?rest_route=\/wp\/v2\/pages\/23\/revisions\/988189"}],"wp:featuredmedia":[{"embeddable":true,"href":"https:\/\/livstad.de\/index.php?rest_route=\/wp\/v2\/media\/987905"}],"wp:attachment":[{"href":"https:\/\/livstad.de\/index.php?rest_route=%2Fwp%2Fv2%2Fmedia&parent=23"}],"curies":[{"name":"wp","href":"https:\/\/api.w.org\/{rel}","templated":true}]}}