{"id":987848,"date":"2025-10-29T08:41:39","date_gmt":"2025-10-29T08:41:39","guid":{"rendered":"https:\/\/livstad.de\/?page_id=987848"},"modified":"2025-10-29T11:17:54","modified_gmt":"2025-10-29T11:17:54","slug":"datenschutz","status":"publish","type":"page","link":"https:\/\/livstad.de\/?page_id=987848","title":{"rendered":"Datenschutz"},"content":{"rendered":"\t\t<div data-elementor-type=\"wp-page\" data-elementor-id=\"987848\" class=\"elementor elementor-987848\" data-elementor-post-type=\"page\">\n\t\t\t\t<div class=\"elementor-element elementor-element-ec67d58 e-flex e-con-boxed e-con e-child\" data-id=\"ec67d58\" data-element_type=\"container\">\n\t\t\t\t\t<div class=\"e-con-inner\">\n\t\t\t\t<div class=\"elementor-element elementor-element-47684b5 elementor-widget elementor-widget-text-editor\" data-id=\"47684b5\" data-element_type=\"widget\" data-widget_type=\"text-editor.default\">\n\t\t\t\t<div class=\"elementor-widget-container\">\n\t\t\t\t\t\t\t\t\t<h1>datenschutz.<\/h1>\t\t\t\t\t\t\t\t<\/div>\n\t\t\t\t<\/div>\n\t\t\t\t<div class=\"elementor-element elementor-element-c92a13f elementor-widget elementor-widget-text-editor\" data-id=\"c92a13f\" data-element_type=\"widget\" data-widget_type=\"text-editor.default\">\n\t\t\t\t<div class=\"elementor-widget-container\">\n\t\t\t\t\t\t\t\t\t<p>1) Einleitung und Kontaktdaten des Verantwortlichen<\/p><p>1.1 Wir freuen uns, dass Sie unsere Website besuchen und bedanken uns f\u00fcr Ihr Interesse. Im Folgenden informieren wir Sie \u00fcber den Umgang mit Ihren personenbezogenen Daten bei der Nutzung unserer Website. Personenbezogene Daten sind hierbei alle Daten, mit denen Sie pers\u00f6nlich identifiziert werden k\u00f6nnen.<\/p><p>1.2 Verantwortlicher f\u00fcr die Datenverarbeitung auf dieser Website im Sinne der Datenschutz-Grundverordnung (DSGVO) ist antaris. immobilien holding GmbH, St. Anscharplatz 10, 20354 Hamburg, Deutschland, Tel.: 040-3808998-0, Fax: 040-3808998-15, E-Mail: office@antaris.cc. Der f\u00fcr die Verarbeitung von personenbezogenen Daten Verantwortliche ist diejenige nat\u00fcrliche oder juristische Person, die allein oder gemeinsam mit anderen \u00fcber die Zwecke und Mittel der Verarbeitung von personenbezogenen Daten entscheidet.<\/p><p>2) Datenerfassung beim Besuch unserer Website<\/p><p>2.1 Bei der blo\u00df informatorischen Nutzung unserer Website, also wenn Sie sich nicht registrieren oder uns anderweitig Informationen \u00fcbermitteln, erheben wir nur solche Daten, die Ihr Browser an den Seitenserver \u00fcbermittelt (sog. \u201eServer-Logfiles\u201c). Wenn Sie unsere Website aufrufen, erheben wir die folgenden Daten, die f\u00fcr uns technisch erforderlich sind, um Ihnen die Website anzuzeigen:<\/p><p>\u2013 Unsere besuchte Website<br \/>\u2013 Datum und Uhrzeit zum Zeitpunkt des Zugriffes<br \/>\u2013 Menge der gesendeten Daten in Byte<br \/>\u2013 Quelle\/Verweis, von welchem Sie auf die Seite gelangten \u2013 Verwendeter Browser<br \/>\u2013 Verwendetes Betriebssystem<br \/>\u2013 Verwendete IP-Adresse (ggf.: in anonymisierter Form)<\/p><p>Die Verarbeitung erfolgt gem\u00e4\u00df Art. 6 Abs. 1 lit. f DSGVO auf Basis unseres berechtigten Interesses an der Verbesserung der Stabilit\u00e4t und Funktionalit\u00e4t unserer Website. Eine Weitergabe oder anderweitige Verwendung der Daten findet nicht statt. Wir behalten uns allerdings vor, die Server-Logfiles nachtr\u00e4glich zu \u00fcberpr\u00fcfen, sollten konkrete Anhaltspunkte auf eine rechtswidrige Nutzung hinweisen.<\/p><p>2.2 Diese Website nutzt aus Sicherheitsgr\u00fcnden und zum Schutz der \u00dcbertragung personenbezogener Daten und anderer vertraulicher Inhalte (z.B. Bestellungen oder Anfragen an den Verantwortlichen) eine SSL-bzw. TLS-Verschl\u00fcsselung. Sie k\u00f6nnen eine verschl\u00fcsselte Verbindung an der Zeichenfolge \u201ehttps:\/\/\u201c und dem Schloss-Symbol in Ihrer Browserzeile erkennen.<\/p><p>Copyright \u00a9 2023, IT-Recht-Kanzlei \u00b7 Alter Messeplatz 2 \u00b7 80339 M\u00fcnchen Tel: +49 (0)89 \/ 130 1433 \u2013 0\u00b7 Fax: +49 (0)89 \/ 130 1433 \u2013 60<\/p><p>3) Cookies<\/p><p>Um den Besuch unserer Website attraktiv zu gestalten und die Nutzung bestimmter Funktionen zu erm\u00f6glichen, verwenden wir Cookies, also kleine Textdateien, die auf Ihrem Endger\u00e4t abgelegt werden. Teilweise werden diese Cookies nach Schlie\u00dfen des Browsers automatisch wieder gel\u00f6scht (sog. \u201eSession-Cookies\u201c), teilweise verbleiben diese Cookies l\u00e4nger auf Ihrem Endger\u00e4t und erm\u00f6glichen das Speichern von Seiteneinstellungen (sog. \u201epersistente Cookies\u201c). Im letzteren Fall k\u00f6nnen Sie die Speicherdauer der \u00dcbersicht zu den Cookie-Einstellungen Ihres Webbrowsers entnehmen.<\/p><p>Sofern durch einzelne von uns eingesetzte Cookies auch personenbezogene Daten verarbeitet werden, erfolgt die Verarbeitung gem\u00e4\u00df Art. 6 Abs. 1 lit. b DSGVO entweder zur Durchf\u00fchrung des Vertrages, gem\u00e4\u00df Art. 6 Abs. 1 lit. a DSGVO im Falle einer erteilten Einwilligung oder gem\u00e4\u00df Art. 6 Abs. 1 lit. f DSGVO zur Wahrung unserer berechtigten Interessen an der bestm\u00f6glichen Funktionalit\u00e4t der Website sowie einer kundenfreundlichen und effektiven Ausgestaltung des Seitenbesuchs.<\/p><p>Sie k\u00f6nnen Ihren Browser so einstellen, dass Sie \u00fcber das Setzen von Cookies informiert werden und einzeln \u00fcber deren Annahme entscheiden oder die Annahme von Cookies f\u00fcr bestimmte F\u00e4lle oder generell ausschlie\u00dfen k\u00f6nnen.<\/p><p>Bitte beachten Sie, dass bei Nichtannahme von Cookies die Funktionalit\u00e4t unserer Website eingeschr\u00e4nkt sein kann.<\/p><p>4) Kontaktaufnahme<\/p><p>Im Rahmen der Kontaktaufnahme mit uns (z.B. per Kontaktformular oder E-Mail) werden personenbezogene Daten erhoben. Welche Daten im Falle der Nutzung eines Kontaktformulars erhoben werden, ist aus dem jeweiligen Kontaktformular ersichtlich. Diese Daten werden ausschlie\u00dflich zum Zweck der Beantwortung Ihres Anliegens bzw. f\u00fcr die Kontaktaufnahme und die damit verbundene technische Administration gespeichert und verwendet.<\/p><p>Rechtsgrundlage f\u00fcr die Verarbeitung dieser Daten ist unser berechtigtes Interesse an der Beantwortung Ihres Anliegens gem\u00e4\u00df Art. 6 Abs. 1 lit. f DSGVO. Zielt Ihre Kontaktierung auf den Abschluss eines Vertrages ab, so ist zus\u00e4tzliche Rechtsgrundlage f\u00fcr die Verarbeitung Art. 6 Abs. 1 lit. b DSGVO. Ihre Daten werden nach abschlie\u00dfender Bearbeitung Ihrer Anfrage gel\u00f6scht. Dies ist der Fall, wenn sich aus den Umst\u00e4nden entnehmen l\u00e4sst, dass der betroffene Sachverhalt abschlie\u00dfend gekl\u00e4rt ist und sofern keine gesetzlichen Aufbewahrungspflichten entgegenstehen.<\/p><p>5) Seitenfunktionalit\u00e4ten<\/p><p>Google Web Fonts<\/p><p>Diese Seite nutzt zur einheitlichen Darstellung von Schriftarten sogenannte Web Fonts des folgenden Anbieters: Google Ireland Limited, Gordon House, 4 Barrow St, Dublin,<\/p><p>Copyright \u00a9 2023, IT-Recht-Kanzlei \u00b7 Alter Messeplatz 2 \u00b7 80339 M\u00fcnchen Tel: +49 (0)89 \/ 130 1433 \u2013 0\u00b7 Fax: +49 (0)89 \/ 130 1433 \u2013 60<\/p><p>D04 E5W5, Irland<\/p><p>Beim Aufruf einer Seite l\u00e4dt Ihr Browser die ben\u00f6tigten Web Fonts in ihren Browser-Cache, um Texte und Schriftarten korrekt anzuzeigen und stellt eine direkte Verbindung zu den Servern des Anbieters her. Hierbei werden bestimmte Browserinformationen, einschlie\u00dflich Ihrer IP-Adresse, an den Anbieter \u00fcbermittelt.<\/p><p>Daten k\u00f6nnen zudem \u00fcbermittelt werden an: Google LLC, USA<\/p><p>Die Verarbeitung von personenbezogenen Daten im Zuge der Verbindungsaufnahme mit dem Anbieter der Schriftarten wird nur dann vollzogen, wenn Sie uns gem\u00e4\u00df Art. 6 Abs. 1 lit. a DSGVO dazu Ihre ausdr\u00fcckliche Einwilligung erteilt haben. Sie k\u00f6nnen Ihre erteilte Einwilligung jederzeit mit Wirkung f\u00fcr die Zukunft widerrufen, indem Sie diesen Dienst \u00fcber das auf der Webseite bereitgestellte \u201eCookie-Consent-Tool\u201c deaktivieren. Falls Ihr Browser keine Web Fonts unterst\u00fctzt, wird eine Standardschrift von Ihrem Computer genutzt.<\/p><p>F\u00fcr Daten\u00fcbermittlungen in die USA hat sich der Anbieter dem EU-US-Datenschutzrahmen (EU-US Data Privacy Framework) angeschlossen, das auf Basis eines Angemessenheitsbeschlusses der Europ\u00e4ischen Kommission die Einhaltung des europ\u00e4ischen Datenschutzniveaus sicherstellt.<\/p><p>6) Tools und Sonstiges<\/p><p>Cookie-Consent-Tool<\/p><p>Diese Website nutzt zur Einholung wirksamer Nutzereinwilligungen f\u00fcr einwilligungspflichtige Cookies und cookie-basierte Anwendungen ein sog. \u201eCookie-Consent-Tool\u201c. Das \u201eCookie-Consent-Tool\u201c wird Nutzern bei Seitenaufruf in Form einer interaktive Benutzeroberfl\u00e4che angezeigt, auf welcher sich per H\u00e4kchensetzung Einwilligungen f\u00fcr bestimmte Cookies und\/oder cookie-basierte Anwendungen erteilen lassen. Hierbei werden durch den Einsatz des Tools alle einwilligungspflichtigen Cookies\/Dienste nur dann geladen, wenn der jeweilige Nutzer entsprechende Einwilligungen per H\u00e4kchensetzung erteilt. So wird sichergestellt, dass nur im Falle einer erteilten Einwilligung derartige Cookies auf dem jeweiligen Endger\u00e4t des Nutzers gesetzt werden.<\/p><p>Das Tool setzt technisch notwendige Cookies, um Ihre Cookie-Pr\u00e4ferenzen zu speichern. Personenbezogene Nutzerdaten werden hierbei grunds\u00e4tzlich nicht verarbeitet.<\/p><p>Kommt es im Einzelfall zum Zwecke der Speicherung, Zuordnung oder Protokollierung von Cookie-Einstellungen doch zur Verarbeitung personenbezogener Daten (wie etwa der IP-Adresse), erfolgt diese gem\u00e4\u00df Art. 6 Abs. 1 lit. f DSGVO auf Basis unseres berechtigten Interesses an einem rechtskonformen, nutzerspezifischen und nutzerfreundlichen Einwilligungsmanagement f\u00fcr Cookies und mithin an einer rechtskonformen Ausgestaltung unseres Internetauftritts.<\/p><p>Weitere Rechtsgrundlage f\u00fcr die Verarbeitung ist ferner Art. 6 Abs. 1 lit. c DSGVO. Wir unterliegen als Verantwortliche der rechtlichen Verpflichtung, den Einsatz technisch<\/p><p>Copyright \u00a9 2023, IT-Recht-Kanzlei \u00b7 Alter Messeplatz 2 \u00b7 80339 M\u00fcnchen Tel: +49 (0)89 \/ 130 1433 \u2013 0\u00b7 Fax: +49 (0)89 \/ 130 1433 \u2013 60<\/p><p>nicht notwendiger Cookies von der jeweiligen Nutzereinwilligung abh\u00e4ngig zu machen.<\/p><p>Soweit erforderlich, haben wir mit dem Anbieter einen Auftragsverarbeitungsvertrag geschlossen, der den Schutz der Daten unserer Seitenbesucher sicherstellt und eine unberechtigte Weitergabe an Dritte untersagt.<\/p><p>Weitere Informationen zum Betreiber und den Einstellungsm\u00f6glichkeiten des Cookie-Consent-Tools finden Sie direkt in der entsprechenden Benutzeroberfl\u00e4che auf unserer Website.<\/p><p>7) Rechte des Betroffenen<\/p><p>7.1 Das geltende Datenschutzrecht gew\u00e4hrt Ihnen gegen\u00fcber dem Verantwortlichen hinsichtlich der Verarbeitung Ihrer personenbezogenen Daten die nachstehenden Betroffenenrechte (Auskunfts- und Interventionsrechte), wobei f\u00fcr die jeweiligen Aus\u00fcbungsvoraussetzungen auf die angef\u00fchrte Rechtsgrundlage verwiesen wird:<\/p><p>\u2013 Auskunftsrecht gem\u00e4\u00df Art. 15 DSGVO;<br \/>\u2013 Recht auf Berichtigung gem\u00e4\u00df Art. 16 DSGVO;<br \/>\u2013 Recht auf L\u00f6schung gem\u00e4\u00df Art. 17 DSGVO;<br \/>\u2013 Recht auf Einschr\u00e4nkung der Verarbeitung gem\u00e4\u00df Art. 18 DSGVO;<br \/>\u2013 Recht auf Unterrichtung gem\u00e4\u00df Art. 19 DSGVO;<br \/>\u2013 Recht auf Daten\u00fcbertragbarkeit gem\u00e4\u00df Art. 20 DSGVO;<br \/>\u2013 Recht auf Widerruf erteilter Einwilligungen gem\u00e4\u00df Art. 7 Abs. 3 DSGVO; \u2013 Recht auf Beschwerde gem\u00e4\u00df Art. 77 DSGVO.<\/p><p>7.2 WIDERSPRUCHSRECHT<\/p><p>WENN WIR IM RAHMEN EINER INTERESSENABW\u00c4GUNG IHRE PERSONENBEZOGENEN DATEN AUFGRUND UNSERES \u00dcBERWIEGENDEN BERECHTIGTEN INTERESSES VERARBEITEN, HABEN SIE DAS JEDERZEITIGE RECHT, AUS GR\u00dcNDEN, DIE SICH AUS IHRER BESONDEREN SITUATION ERGEBEN, GEGEN DIESE VERARBEITUNG WIDERSPRUCH MIT WIRKUNG F\u00dcR DIE ZUKUNFT EINZULEGEN.<\/p><p>MACHEN SIE VON IHREM WIDERSPRUCHSRECHT GEBRAUCH, BEENDEN WIR DIE VERARBEITUNG DER BETROFFENEN DATEN. EINE WEITERVERARBEITUNG BLEIBT ABER VORBEHALTEN, WENN WIR ZWINGENDE SCHUTZW\u00dcRDIGE GR\u00dcNDE F\u00dcR DIE VERARBEITUNG NACHWEISEN K\u00d6NNEN, DIE IHRE INTERESSEN, GRUNDRECHTE UND GRUNDFREIHEITEN \u00dcBERWIEGEN, ODER WENN DIE VERARBEITUNG DER GELTENDMACHUNG, AUS\u00dcBUNG ODER VERTEIDIGUNG VON RECHTSANSPR\u00dcCHEN DIENT.<\/p><p>WERDEN IHRE PERSONENBEZOGENEN DATEN VON UNS VERARBEITET, UM DIREKTWERBUNG ZU BETREIBEN, HABEN SIE DAS RECHT, JEDERZEIT WIDERSPRUCH GEGEN DIE VERARBEITUNG SIE BETREFFENDER PERSONENBEZOGENER DATEN ZUM ZWECKE DERARTIGER WERBUNG EINZULEGEN. SIE K\u00d6NNEN DEN WIDERSPRUCH WIE OBEN BESCHRIEBEN AUS\u00dcBEN.<\/p><p>Copyright \u00a9 2023, IT-Recht-Kanzlei \u00b7 Alter Messeplatz 2 \u00b7 80339 M\u00fcnchen Tel: +49 (0)89 \/ 130 1433 \u2013 0\u00b7 Fax: +49 (0)89 \/ 130 1433 \u2013 60<\/p><p>MACHEN SIE VON IHREM WIDERSPRUCHSRECHT GEBRAUCH, BEENDEN WIR DIE VERARBEITUNG DER BETROFFENEN DATEN ZU DIREKTWERBEZWECKEN.<\/p><p>8) Dauer der Speicherung personenbezogener Daten<\/p><p>Die Dauer der Speicherung von personenbezogenen Daten bemisst sich anhand der jeweiligen Rechtsgrundlage, am Verarbeitungszweck und \u2013 sofern einschl\u00e4gig \u2013 zus\u00e4tzlich anhand der jeweiligen gesetzlichen Aufbewahrungsfrist (z.B. handels- und steuerrechtliche Aufbewahrungsfristen).<\/p><p>Bei der Verarbeitung von personenbezogenen Daten auf Grundlage einer ausdr\u00fccklichen Einwilligung gem\u00e4\u00df Art. 6 Abs. 1 lit. a DSGVO werden die betroffenen Daten so lange gespeichert, bis Sie Ihre Einwilligung widerrufen.<\/p><p>Existieren gesetzliche Aufbewahrungsfristen f\u00fcr Daten, die im Rahmen rechtsgesch\u00e4ftlicher bzw. rechtsgesch\u00e4fts\u00e4hnlicher Verpflichtungen auf der Grundlage von Art. 6 Abs. 1 lit. b DSGVO verarbeitet werden, werden diese Daten nach Ablauf der Aufbewahrungsfristen routinem\u00e4\u00dfig gel\u00f6scht, sofern sie nicht mehr zur Vertragserf\u00fcllung oder Vertragsanbahnung erforderlich sind und\/oder unsererseits kein berechtigtes Interesse an der Weiterspeicherung fortbesteht.<\/p><p>Bei der Verarbeitung von personenbezogenen Daten auf Grundlage von Art. 6 Abs. 1 lit. f DSGVO werden diese Daten so lange gespeichert, bis Sie Ihr Widerspruchsrecht nach Art. 21 Abs. 1 DSGVO aus\u00fcben, es sei denn, wir k\u00f6nnen zwingende schutzw\u00fcrdige Gr\u00fcnde f\u00fcr die Verarbeitung nachweisen, die Ihre Interessen, Rechte und Freiheiten \u00fcberwiegen, oder die Verarbeitung dient der Geltendmachung, Aus\u00fcbung oder Verteidigung von Rechtsanspr\u00fcchen.<\/p><p>Bei der Verarbeitung von personenbezogenen Daten zum Zwecke der Direktwerbung auf Grundlage von Art. 6 Abs. 1 lit. f DSGVO werden diese Daten so lange gespeichert, bis Sie Ihr Widerspruchsrecht nach Art. 21 Abs. 2 DSGVO aus\u00fcben.<\/p><p>Sofern sich aus den sonstigen Informationen dieser Erkl\u00e4rung \u00fcber spezifische Verarbeitungssituationen nichts anderes ergibt, werden gespeicherte personenbezogene Daten im \u00dcbrigen dann gel\u00f6scht, wenn sie f\u00fcr die Zwecke, f\u00fcr die sie erhoben oder auf sonstige Weise verarbeitet wurden, nicht mehr notwendig sind.<\/p><p>\u00a0<\/p><p>Copyright \u00a9 2023, IT-Recht-Kanzlei \u00b7 Alter Messeplatz 2 \u00b7 80339 M\u00fcnchen Tel: +49 (0)89 \/ 130 1433 \u2013 0\u00b7 Fax: +49 (0)89 \/ 130 1433 \u2013 60<\/p>\t\t\t\t\t\t\t\t<\/div>\n\t\t\t\t<\/div>\n\t\t\t\t\t<\/div>\n\t\t\t\t<\/div>\n\t\t\t\t<\/div>\n\t\t","protected":false},"excerpt":{"rendered":"<p>datenschutz. 1) Einleitung und Kontaktdaten des Verantwortlichen 1.1 Wir freuen uns, dass Sie unsere Website besuchen und bedanken uns f\u00fcr Ihr Interesse. Im Folgenden informieren wir Sie \u00fcber den Umgang mit Ihren personenbezogenen Daten bei der Nutzung unserer Website. Personenbezogene Daten sind hierbei alle Daten, mit denen Sie pers\u00f6nlich identifiziert werden k\u00f6nnen. 1.2 Verantwortlicher f\u00fcr&#8230;<\/p>\n","protected":false},"author":1,"featured_media":0,"parent":0,"menu_order":0,"comment_status":"closed","ping_status":"closed","template":"elementor_header_footer","meta":{"footnotes":""},"class_list":["post-987848","page","type-page","status-publish","hentry"],"yoast_head":"<!-- This site is optimized with the Yoast SEO plugin v26.4 - https:\/\/yoast.com\/wordpress\/plugins\/seo\/ -->\n<title>Datenschutz - livstad<\/title>\n<meta name=\"robots\" content=\"index, follow, max-snippet:-1, max-image-preview:large, max-video-preview:-1\" \/>\n<link rel=\"canonical\" href=\"https:\/\/livstad.de\/?page_id=987848\" \/>\n<meta property=\"og:locale\" content=\"de_DE\" \/>\n<meta property=\"og:type\" content=\"article\" \/>\n<meta property=\"og:title\" content=\"Datenschutz - livstad\" \/>\n<meta property=\"og:description\" content=\"datenschutz. 1) Einleitung und Kontaktdaten des Verantwortlichen 1.1 Wir freuen uns, dass Sie unsere Website besuchen und bedanken uns f\u00fcr Ihr Interesse. Im Folgenden informieren wir Sie \u00fcber den Umgang mit Ihren personenbezogenen Daten bei der Nutzung unserer Website. Personenbezogene Daten sind hierbei alle Daten, mit denen Sie pers\u00f6nlich identifiziert werden k\u00f6nnen. 1.2 Verantwortlicher f\u00fcr...\" \/>\n<meta property=\"og:url\" content=\"https:\/\/livstad.de\/?page_id=987848\" \/>\n<meta property=\"og:site_name\" content=\"livstad\" \/>\n<meta property=\"article:modified_time\" content=\"2025-10-29T11:17:54+00:00\" \/>\n<meta property=\"og:image\" content=\"https:\/\/livstad.de\/wp-content\/uploads\/2025\/04\/livstad-Freisteller_blau-e1762517478362.png\" \/>\n\t<meta property=\"og:image:width\" content=\"300\" \/>\n\t<meta property=\"og:image:height\" content=\"78\" \/>\n\t<meta property=\"og:image:type\" content=\"image\/png\" \/>\n<meta name=\"twitter:card\" content=\"summary_large_image\" \/>\n<meta name=\"twitter:label1\" content=\"Gesch\u00e4tzte Lesezeit\" \/>\n\t<meta name=\"twitter:data1\" content=\"10\u00a0Minuten\" \/>\n<script type=\"application\/ld+json\" class=\"yoast-schema-graph\">{\"@context\":\"https:\/\/schema.org\",\"@graph\":[{\"@type\":\"WebPage\",\"@id\":\"https:\/\/livstad.de\/?page_id=987848\",\"url\":\"https:\/\/livstad.de\/?page_id=987848\",\"name\":\"Datenschutz - livstad\",\"isPartOf\":{\"@id\":\"https:\/\/livstad.de\/#website\"},\"datePublished\":\"2025-10-29T08:41:39+00:00\",\"dateModified\":\"2025-10-29T11:17:54+00:00\",\"breadcrumb\":{\"@id\":\"https:\/\/livstad.de\/?page_id=987848#breadcrumb\"},\"inLanguage\":\"de\",\"potentialAction\":[{\"@type\":\"ReadAction\",\"target\":[\"https:\/\/livstad.de\/?page_id=987848\"]}]},{\"@type\":\"BreadcrumbList\",\"@id\":\"https:\/\/livstad.de\/?page_id=987848#breadcrumb\",\"itemListElement\":[{\"@type\":\"ListItem\",\"position\":1,\"name\":\"Home\",\"item\":\"https:\/\/livstad.de\/\"},{\"@type\":\"ListItem\",\"position\":2,\"name\":\"Datenschutz\"}]},{\"@type\":\"WebSite\",\"@id\":\"https:\/\/livstad.de\/#website\",\"url\":\"https:\/\/livstad.de\/\",\"name\":\"livstad\",\"description\":\"by antaris\",\"publisher\":{\"@id\":\"https:\/\/livstad.de\/#organization\"},\"potentialAction\":[{\"@type\":\"SearchAction\",\"target\":{\"@type\":\"EntryPoint\",\"urlTemplate\":\"https:\/\/livstad.de\/?s={search_term_string}\"},\"query-input\":{\"@type\":\"PropertyValueSpecification\",\"valueRequired\":true,\"valueName\":\"search_term_string\"}}],\"inLanguage\":\"de\"},{\"@type\":\"Organization\",\"@id\":\"https:\/\/livstad.de\/#organization\",\"name\":\"livstad\",\"url\":\"https:\/\/livstad.de\/\",\"logo\":{\"@type\":\"ImageObject\",\"inLanguage\":\"de\",\"@id\":\"https:\/\/livstad.de\/#\/schema\/logo\/image\/\",\"url\":\"https:\/\/livstad.de\/wp-content\/uploads\/2025\/04\/livstad-Freisteller_blau-e1762517478362.png\",\"contentUrl\":\"https:\/\/livstad.de\/wp-content\/uploads\/2025\/04\/livstad-Freisteller_blau-e1762517478362.png\",\"width\":300,\"height\":78,\"caption\":\"livstad\"},\"image\":{\"@id\":\"https:\/\/livstad.de\/#\/schema\/logo\/image\/\"}}]}<\/script>\n<!-- \/ Yoast SEO plugin. -->","yoast_head_json":{"title":"Datenschutz - livstad","robots":{"index":"index","follow":"follow","max-snippet":"max-snippet:-1","max-image-preview":"max-image-preview:large","max-video-preview":"max-video-preview:-1"},"canonical":"https:\/\/livstad.de\/?page_id=987848","og_locale":"de_DE","og_type":"article","og_title":"Datenschutz - livstad","og_description":"datenschutz. 1) Einleitung und Kontaktdaten des Verantwortlichen 1.1 Wir freuen uns, dass Sie unsere Website besuchen und bedanken uns f\u00fcr Ihr Interesse. Im Folgenden informieren wir Sie \u00fcber den Umgang mit Ihren personenbezogenen Daten bei der Nutzung unserer Website. Personenbezogene Daten sind hierbei alle Daten, mit denen Sie pers\u00f6nlich identifiziert werden k\u00f6nnen. 1.2 Verantwortlicher f\u00fcr...","og_url":"https:\/\/livstad.de\/?page_id=987848","og_site_name":"livstad","article_modified_time":"2025-10-29T11:17:54+00:00","og_image":[{"width":300,"height":78,"url":"https:\/\/livstad.de\/wp-content\/uploads\/2025\/04\/livstad-Freisteller_blau-e1762517478362.png","type":"image\/png"}],"twitter_card":"summary_large_image","twitter_misc":{"Gesch\u00e4tzte Lesezeit":"10\u00a0Minuten"},"schema":{"@context":"https:\/\/schema.org","@graph":[{"@type":"WebPage","@id":"https:\/\/livstad.de\/?page_id=987848","url":"https:\/\/livstad.de\/?page_id=987848","name":"Datenschutz - livstad","isPartOf":{"@id":"https:\/\/livstad.de\/#website"},"datePublished":"2025-10-29T08:41:39+00:00","dateModified":"2025-10-29T11:17:54+00:00","breadcrumb":{"@id":"https:\/\/livstad.de\/?page_id=987848#breadcrumb"},"inLanguage":"de","potentialAction":[{"@type":"ReadAction","target":["https:\/\/livstad.de\/?page_id=987848"]}]},{"@type":"BreadcrumbList","@id":"https:\/\/livstad.de\/?page_id=987848#breadcrumb","itemListElement":[{"@type":"ListItem","position":1,"name":"Home","item":"https:\/\/livstad.de\/"},{"@type":"ListItem","position":2,"name":"Datenschutz"}]},{"@type":"WebSite","@id":"https:\/\/livstad.de\/#website","url":"https:\/\/livstad.de\/","name":"livstad","description":"by antaris","publisher":{"@id":"https:\/\/livstad.de\/#organization"},"potentialAction":[{"@type":"SearchAction","target":{"@type":"EntryPoint","urlTemplate":"https:\/\/livstad.de\/?s={search_term_string}"},"query-input":{"@type":"PropertyValueSpecification","valueRequired":true,"valueName":"search_term_string"}}],"inLanguage":"de"},{"@type":"Organization","@id":"https:\/\/livstad.de\/#organization","name":"livstad","url":"https:\/\/livstad.de\/","logo":{"@type":"ImageObject","inLanguage":"de","@id":"https:\/\/livstad.de\/#\/schema\/logo\/image\/","url":"https:\/\/livstad.de\/wp-content\/uploads\/2025\/04\/livstad-Freisteller_blau-e1762517478362.png","contentUrl":"https:\/\/livstad.de\/wp-content\/uploads\/2025\/04\/livstad-Freisteller_blau-e1762517478362.png","width":300,"height":78,"caption":"livstad"},"image":{"@id":"https:\/\/livstad.de\/#\/schema\/logo\/image\/"}}]}},"_links":{"self":[{"href":"https:\/\/livstad.de\/index.php?rest_route=\/wp\/v2\/pages\/987848","targetHints":{"allow":["GET"]}}],"collection":[{"href":"https:\/\/livstad.de\/index.php?rest_route=\/wp\/v2\/pages"}],"about":[{"href":"https:\/\/livstad.de\/index.php?rest_route=\/wp\/v2\/types\/page"}],"author":[{"embeddable":true,"href":"https:\/\/livstad.de\/index.php?rest_route=\/wp\/v2\/users\/1"}],"replies":[{"embeddable":true,"href":"https:\/\/livstad.de\/index.php?rest_route=%2Fwp%2Fv2%2Fcomments&post=987848"}],"version-history":[{"count":10,"href":"https:\/\/livstad.de\/index.php?rest_route=\/wp\/v2\/pages\/987848\/revisions"}],"predecessor-version":[{"id":987885,"href":"https:\/\/livstad.de\/index.php?rest_route=\/wp\/v2\/pages\/987848\/revisions\/987885"}],"wp:attachment":[{"href":"https:\/\/livstad.de\/index.php?rest_route=%2Fwp%2Fv2%2Fmedia&parent=987848"}],"curies":[{"name":"wp","href":"https:\/\/api.w.org\/{rel}","templated":true}]}}